{"id":154,"date":"2014-06-02T08:13:59","date_gmt":"2014-06-02T08:13:59","guid":{"rendered":""},"modified":"2022-01-07T10:59:19","modified_gmt":"2022-01-07T10:59:19","slug":"permissions-and-copyright","status":"publish","type":"page","link":"http:\/\/leprestigepantin.com\/index.php\/permissions-and-copyright\/","title":{"rendered":"Autorisations et droits d&#8217;auteurs"},"content":{"rendered":"<p>Toutes les images visualis\u00e9es dans cet aper\u00e7u en direct sont uniquement \u00e0 des fins de d\u00e9monstration et ne sont incluses nulle part dans le package t\u00e9l\u00e9charg\u00e9 ou dans l\u2019importation des donn\u00e9es de d\u00e9monstration. Les images des messages et les extraits de contenu proviennent d\u2019une vari\u00e9t\u00e9 de sources. Nous les avons mentionn\u00e9s \u00e0 la fin de chaque article..<\/p>\n<h3>&nbsp;Violation des droits d&#8217;auteurs<\/h3>\n<p>Si vous pensez que votre travail a \u00e9t\u00e9 copi\u00e9 d\u2019une mani\u00e8re qui constitue une violation du droit d\u2019auteur, veuillez nous contacter d\u00e8s maintenant \u00e0 george.olaru@pixelgrade.com et nous les supprimerons imm\u00e9diatement.<\/p>\n<p>[\/col]<\/p>\n<p>[\/row]<\/p>\n","protected":false},"excerpt":{"rendered":"<p>Toutes les images visualis\u00e9es dans cet aper\u00e7u en direct sont uniquement \u00e0 des fins de d\u00e9monstration et ne sont incluses nulle part dans le package t\u00e9l\u00e9charg\u00e9 ou dans l\u2019importation des donn\u00e9es de d\u00e9monstration. Les images des messages et les extraits de contenu proviennent d\u2019une vari\u00e9t\u00e9 de sources. Nous les avons mentionn\u00e9s \u00e0 la fin de [&hellip;]<\/p>\n","protected":false},"author":1,"featured_media":0,"parent":0,"menu_order":0,"comment_status":"closed","ping_status":"closed","template":"elementor_theme","meta":{"footnotes":""},"class_list":["post-154","page","type-page","status-publish","hentry"],"_links":{"self":[{"href":"http:\/\/leprestigepantin.com\/index.php\/wp-json\/wp\/v2\/pages\/154","targetHints":{"allow":["GET"]}}],"collection":[{"href":"http:\/\/leprestigepantin.com\/index.php\/wp-json\/wp\/v2\/pages"}],"about":[{"href":"http:\/\/leprestigepantin.com\/index.php\/wp-json\/wp\/v2\/types\/page"}],"author":[{"embeddable":true,"href":"http:\/\/leprestigepantin.com\/index.php\/wp-json\/wp\/v2\/users\/1"}],"replies":[{"embeddable":true,"href":"http:\/\/leprestigepantin.com\/index.php\/wp-json\/wp\/v2\/comments?post=154"}],"version-history":[{"count":5,"href":"http:\/\/leprestigepantin.com\/index.php\/wp-json\/wp\/v2\/pages\/154\/revisions"}],"predecessor-version":[{"id":2564,"href":"http:\/\/leprestigepantin.com\/index.php\/wp-json\/wp\/v2\/pages\/154\/revisions\/2564"}],"wp:attachment":[{"href":"http:\/\/leprestigepantin.com\/index.php\/wp-json\/wp\/v2\/media?parent=154"}],"curies":[{"name":"wp","href":"https:\/\/api.w.org\/{rel}","templated":true}]}}